{"id":32820,"date":"2024-08-03T18:44:24","date_gmt":"2024-08-03T18:44:24","guid":{"rendered":"https:\/\/hmnoticias.com\/espana\/?page_id=32820"},"modified":"2024-08-03T18:44:25","modified_gmt":"2024-08-03T18:44:25","slug":"disclaimer-italia","status":"publish","type":"page","link":"https:\/\/hmnoticias.com\/espana\/disclaimer-italia\/","title":{"rendered":"Disclaimer\u00a0&#8211; Italia"},"content":{"rendered":"\n<h3 class=\"wp-block-heading\">Introduzione<\/h3>\n\n\n\n<p>Benvenuti su HM Noticias (HM News), il vostro portale di fiducia dove troverete informazioni su diversi argomenti ma create con molto impegno e veridicit\u00e0.<\/p>\n\n\n\n<p>HM Noticias (HM News) \u00e8 regolato da questi termini e da quelli stabiliti nella sua &#8220;Informativa sulla privacy&#8221; e &#8220;Termini di utilizzo&#8221;. Se non siete d&#8217;accordo con questo Disclaimer o con i testi sopra menzionati, vi preghiamo di non navigare su hmnoticias.com.<\/p>\n\n\n\n<p>Continuare a utilizzare hmnoticias.com implica l&#8217;accettazione di tutti questi termini insieme.<\/p>\n\n\n\n<h3 class=\"wp-block-heading\">Natura delle informazioni<\/h3>\n\n\n\n<p>Il contenuto visualizzato su HM Noticias (HM News) \u00e8 meramente informativo. Nonostante sia stato scritto da scrittori professionisti, non deve essere considerato in nessun momento come consulenza professionale, legale o medica. HM Noticias (HM News) non \u00e8 responsabile per danni, perdite o difetti causati dalle informazioni proposte sul sito web.<\/p>\n\n\n\n<p>\u00c8 esclusivo dovere dell&#8217;utente garantire la veridicit\u00e0 delle informazioni da lui utilizzate.<\/p>\n\n\n\n<h3 class=\"wp-block-heading\">Accuratezza delle informazioni<\/h3>\n\n\n\n<p>Il contenuto di HM Noticias (HM News) \u00e8 stato sviluppato in base alle informazioni disponibili al momento della pubblicazione del contenuto. Non siamo responsabili per errori, mancanza di tempestivit\u00e0 o omissioni di contenuto.<\/p>\n\n\n\n<p>HM Noticias (HM News) e i suoi gestori si riservano inoltre il diritto di apportare correzioni senza preavviso.<\/p>\n\n\n\n<h3 class=\"wp-block-heading\">Link a terze parti<\/h3>\n\n\n\n<p>Il modello aziendale principale di HM Noticias (HM News) \u00e8 l&#8217;affiliazione tramite Google AdSense.<\/p>\n\n\n\n<p>Il sito Web riceve bonus per i banner visualizzati al suo interno. Google paga a HM Noticias (HM News) una quota proporzionale del costo del clic pagato dal proprietario dell&#8217;annuncio visualizzato.<\/p>\n\n\n\n<p>A causa della natura del suo modello aziendale, il sito Web potrebbe contenere link di terze parti.<\/p>\n\n\n\n<p>HM Noticias (HM News) non \u00e8 responsabile del contenuto visualizzato su questi link di terze parti ed \u00e8 dovere dell&#8217;utente comprendere le norme sulla privacy e i termini di utilizzo di questi siti Web prima di utilizzarli.<\/p>\n\n\n\n<p>L&#8217;inclusione di link di terze parti non implica il supporto da parte di HM Noticias (HM News) per le opinioni espresse sui siti Web di terze parti.<\/p>\n\n\n\n<h3 class=\"wp-block-heading\">Utilizzo del sito Web<\/h3>\n\n\n\n<p>L&#8217;utilizzo di materiali o di qualsiasi informazione all&#8217;interno di HM Noticias (HM News) \u00e8 a tuo rischio. Sar\u00e0 tua responsabilit\u00e0 assicurarti che le informazioni visualizzate soddisfino i tuoi requisiti specifici. HM Noticias (HM News) non \u00e8 responsabile per alcuna perdita o danno, inclusi, senza limitazioni, perdite o danni indiretti o qualsiasi perdita o danno derivante dall&#8217;utilizzo del sito Web.<\/p>\n\n\n\n<h3 class=\"wp-block-heading\">Copyright e propriet\u00e0 intellettuale<\/h3>\n\n\n\n<p>Tutti i contenuti su HM Noticias (HM News), inclusi loghi, icone, immagini, clip audio, articoli o contenuti visualizzati dai suoi fornitori, sono protetti dalle leggi sul copyright e sono di esclusiva propriet\u00e0 di HM Noticias (HM News) e dei suoi amministratori.<\/p>\n\n\n\n<h3 class=\"wp-block-heading\">Modifiche al disclaimer<\/h3>\n\n\n\n<p>Il presente disclaimer \u00e8 soggetto a modifiche senza preavviso o correzione. Ci riserviamo il diritto di modificare su nostra richiesta tutto il suo contenuto.<\/p>\n\n\n\n<p>L&#8217;uso continuato di hmnoticias.com implica l&#8217;accettazione automatica di tutti i contenuti e le regole qui stabiliti.<\/p>\n\n\n\n<p>Ti chiediamo di rivedere periodicamente questa pagina per assicurarti che soddisfi le tue aspettative.<\/p>\n\n\n\n<h3 class=\"wp-block-heading\">Disclaimer<\/h3>\n\n\n\n<p>Nella misura massima consentita dalla legge, questo sito web non \u00e8 direttamente responsabile per eventuali danni causati dall&#8217;impossibilit\u00e0 di utilizzare questo sito web.<\/p>\n\n\n\n<p>Ci impegniamo molto per garantire la sicurezza del sito web, ma non possiamo garantirla.<\/p>\n\n\n\n<p>Eventuali danni causati dal suo utilizzo, siano essi informatici, distruzione di dati, errori o omissioni, saranno di esclusiva responsabilit\u00e0 dell&#8217;utente.<\/p>\n\n\n\n<h3 class=\"wp-block-heading\">Legge applicabile e giurisdizione<\/h3>\n\n\n\n<p>Questo Disclaimer o qualsiasi controversia derivante o correlata all&#8217;uso di questo sito web saranno disciplinati e interpretati in conformit\u00e0 con le leggi della Spagna. Accetti la giurisdizione esclusiva dei tribunali della Spagna per risolvere eventuali controversie derivanti o correlate all&#8217;uso di questo sito web.<\/p>\n\n\n\n<h3 class=\"wp-block-heading\">Contatti<\/h3>\n\n\n\n<p>Per qualsiasi tipo di domanda o suggerimento puoi contattare il nostro team all&#8217;indirizzo contato@hmnoticias.com. Siamo aperti a comprendere le tue esigenze e interessati ad applicare misure che contribuiscano a rendere prezioso tutto il contenuto.<\/p>\n\n\n\n<h3 class=\"wp-block-heading\">Conclusione<\/h3>\n\n\n\n<p>Utilizzando hmnoticias.com riconosci di aver letto, compreso e accettato di essere vincolato da questa esclusione di responsabilit\u00e0.<\/p>\n\n\n\n<p>Grazie per aver visitato il nostro sito Web e speriamo che tu trovi prezioso il contenuto.<\/p>\n","protected":false},"excerpt":{"rendered":"<p>Introduzione Benvenuti su HM Noticias (HM News), il vostro portale di fiducia dove troverete informazioni su diversi argomenti ma create con molto impegno e veridicit\u00e0. &#8230;. <\/p>\n","protected":false},"author":1,"featured_media":0,"parent":0,"menu_order":0,"comment_status":"closed","ping_status":"closed","template":"","meta":{"footnotes":""},"class_list":["post-32820","page","type-page","status-publish","hentry"],"_links":{"self":[{"href":"https:\/\/hmnoticias.com\/espana\/wp-json\/wp\/v2\/pages\/32820","targetHints":{"allow":["GET"]}}],"collection":[{"href":"https:\/\/hmnoticias.com\/espana\/wp-json\/wp\/v2\/pages"}],"about":[{"href":"https:\/\/hmnoticias.com\/espana\/wp-json\/wp\/v2\/types\/page"}],"author":[{"embeddable":true,"href":"https:\/\/hmnoticias.com\/espana\/wp-json\/wp\/v2\/users\/1"}],"replies":[{"embeddable":true,"href":"https:\/\/hmnoticias.com\/espana\/wp-json\/wp\/v2\/comments?post=32820"}],"version-history":[{"count":1,"href":"https:\/\/hmnoticias.com\/espana\/wp-json\/wp\/v2\/pages\/32820\/revisions"}],"predecessor-version":[{"id":32821,"href":"https:\/\/hmnoticias.com\/espana\/wp-json\/wp\/v2\/pages\/32820\/revisions\/32821"}],"wp:attachment":[{"href":"https:\/\/hmnoticias.com\/espana\/wp-json\/wp\/v2\/media?parent=32820"}],"curies":[{"name":"wp","href":"https:\/\/api.w.org\/{rel}","templated":true}]}}