{"id":32831,"date":"2024-08-03T18:52:47","date_gmt":"2024-08-03T18:52:47","guid":{"rendered":"https:\/\/hmnoticias.com\/espana\/?page_id=32831"},"modified":"2024-08-03T18:52:48","modified_gmt":"2024-08-03T18:52:48","slug":"informativa-sulla-privacy-italia","status":"publish","type":"page","link":"https:\/\/hmnoticias.com\/espana\/informativa-sulla-privacy-italia\/","title":{"rendered":"Informativa sulla privacy &#8211; Italia"},"content":{"rendered":"\n<h2 class=\"wp-block-heading\">HM Noticias \/ HM News<\/h2>\n\n\n\n<p>Tutte le tue informazioni personali raccolte saranno utilizzate per rendere la tua visita al nostro sito web il pi\u00f9 produttiva e piacevole possibile.<\/p>\n\n\n\n<p>Garantire la riservatezza dei dati personali degli utenti del nostro sito web \u00e8 importante per HM Noticias (HM News).<\/p>\n\n\n\n<p>Tutte le informazioni personali relative a membri, abbonati, clienti o visitatori che utilizzano HM Noticias (HM News) saranno trattate in conformit\u00e0 con la legge sulla protezione dei dati personali del 26 ottobre 1998 (legge n. 67\/98).<\/p>\n\n\n\n<p>Le informazioni personali raccolte possono includere il tuo nome, e-mail, numero di telefono e\/o cellulare, indirizzo, data di nascita e\/o altri.<\/p>\n\n\n\n<p>L&#8217;utilizzo di HM Noticias (HM News) implica l&#8217;accettazione del presente Accordo sulla privacy. Il team di HM Noticias (HM News) si riserva il diritto di modificare il presente accordo senza preavviso. Pertanto, ti consigliamo di consultare regolarmente la nostra politica sulla privacy per essere sempre aggiornato.<\/p>\n\n\n\n<h2 class=\"wp-block-heading\">Pubblicit\u00e0<\/h2>\n\n\n\n<p>Come altri siti web, raccogliamo e utilizziamo le informazioni contenute nelle pubblicit\u00e0. Le informazioni contenute negli annunci includono il tuo indirizzo IP (Internet Protocol), il tuo ISP (Internet Service Provider, come Sapo, Clix o altri), il browser che hai utilizzato quando hai visitato il nostro sito Web (come Internet Explorer o Firefox), l&#8217;ora della tua visita e le pagine che hai visitato all&#8217;interno del nostro sito Web.<\/p>\n\n\n\n<h2 class=\"wp-block-heading\">Cookie DoubleClick Dart<\/h2>\n\n\n\n<p>Google, in qualit\u00e0 di fornitore terzo, utilizza i cookie per pubblicare annunci sul nostro sito Web;<\/p>\n\n\n\n<p>Utilizzando il cookie DART, Google pu\u00f2 visualizzare annunci in base alle visite effettuate dal lettore ad altri siti Web su Internet;<\/p>\n\n\n\n<p>Gli utenti possono disattivare il cookie DART visitando la rete di contenuti di Google e l&#8217;informativa sulla privacy degli annunci.<\/p>\n\n\n\n<h2 class=\"wp-block-heading\">Cookie e Web Beacon<\/h2>\n\n\n\n<p>Utilizziamo i cookie per memorizzare informazioni come le tue preferenze personali quando visiti il \u200b\u200bnostro sito Web. Ci\u00f2 pu\u00f2 includere un semplice pop-up o un collegamento ai vari servizi che forniamo, come i forum.<\/p>\n\n\n\n<p>Inoltre, utilizziamo anche pubblicit\u00e0 di terze parti sul nostro sito Web per sostenere i costi di manutenzione. Alcuni di questi inserzionisti potrebbero utilizzare tecnologie come cookie e\/o web beacon quando pubblicizzano sul nostro sito Web, il che si tradurr\u00e0 in questi inserzionisti (come Google tramite Google AdSense) anche nella ricezione delle tue informazioni personali come indirizzo IP, ISP, browser, ecc. Questa funzione \u00e8 generalmente utilizzata per il geotargeting (mostrare la pubblicit\u00e0 di Lisbona solo ai lettori che provengono da Lisbona, ad esempio) o per mostrare pubblicit\u00e0 mirate a un tipo di utente (ad esempio mostrare la pubblicit\u00e0 di un ristorante a un utente che visita regolarmente siti di cucina).<\/p>\n\n\n\n<p>Le informazioni raccolte non vengono condivise con nessun altro individuo, ad eccezione dei servizi di terze parti menzionati.<\/p>\n\n\n\n<p>Se richiesto dalla legge, potremmo salvare o condividere le informazioni raccolte.<\/p>\n\n\n\n<p>Hai il potere di disattivare i tuoi cookie, nelle opzioni del tuo browser o apportando modifiche agli strumenti del programma Anti-Virus, come Norton Internet Security. Tuttavia, ci\u00f2 potrebbe cambiare il modo in cui interagisci con il nostro sito Web o altri siti Web. Ci\u00f2 potrebbe influire o impedirti di accedere a programmi, siti Web o forum sulle nostre e altre reti.<\/p>\n\n\n\n<p>In genere non memorizziamo dati sensibili in nessun momento e tutti gli altri dati raccolti saranno conservati per tutto il tempo consentito dalla legge.<\/p>\n\n\n\n<p>Utilizziamo rigide misure di sicurezza per garantire la sicurezza dei tuoi dati non sensibili, sebbene non possiamo garantirne la sicurezza assoluta.<\/p>\n\n\n\n<p>Se ritieni che l&#8217;interazione con il nostro sito Web non sia pi\u00f9 sicura, faccelo sapere immediatamente.<\/p>\n\n\n\n<h2 class=\"wp-block-heading\">Collegamenti a siti di terze parti<\/h2>\n\n\n\n<p>HM Noticias (HM News) ha collegamenti ad altri siti che riteniamo possano contenere informazioni\/strumenti utili per i nostri visitatori. La nostra politica sulla privacy non si applica ai siti di terze parti, quindi se visiti un altro sito dal nostro, dovresti leggere la loro politica sulla privacy.<\/p>\n\n\n\n<p>Non siamo responsabili per la politica sulla privacy o per i contenuti presenti su questi stessi siti.<\/p>\n\n\n\n<h2 class=\"wp-block-heading\">Diritti<\/h2>\n\n\n\n<p>Puoi annullare l&#8217;iscrizione in qualsiasi momento ai servizi distribuiti pubblicamente su HM Noticias (HM News).<\/p>\n\n\n\n<p>Puoi annullare l&#8217;iscrizione alle notifiche &#8220;PUSH&#8221; nelle impostazioni del tuo browser.<\/p>\n\n\n\n<p>Puoi richiedere di interrompere la ricezione di notifiche SMS utilizzando la parola &#8220;stop&#8221; o qualsiasi altra parola che abbiamo condiviso con te.<\/p>\n\n\n\n<p>Se lo desiderate, potete contattare direttamente contato@hmnoticias.com in modo che possiamo gestire ogni richiesta necessaria.<\/p>\n","protected":false},"excerpt":{"rendered":"<p>HM Noticias \/ HM News Tutte le tue informazioni personali raccolte saranno utilizzate per rendere la tua visita al nostro sito web il pi\u00f9 produttiva &#8230;. <\/p>\n","protected":false},"author":1,"featured_media":0,"parent":0,"menu_order":0,"comment_status":"closed","ping_status":"closed","template":"","meta":{"footnotes":""},"class_list":["post-32831","page","type-page","status-publish","hentry"],"_links":{"self":[{"href":"https:\/\/hmnoticias.com\/espana\/wp-json\/wp\/v2\/pages\/32831","targetHints":{"allow":["GET"]}}],"collection":[{"href":"https:\/\/hmnoticias.com\/espana\/wp-json\/wp\/v2\/pages"}],"about":[{"href":"https:\/\/hmnoticias.com\/espana\/wp-json\/wp\/v2\/types\/page"}],"author":[{"embeddable":true,"href":"https:\/\/hmnoticias.com\/espana\/wp-json\/wp\/v2\/users\/1"}],"replies":[{"embeddable":true,"href":"https:\/\/hmnoticias.com\/espana\/wp-json\/wp\/v2\/comments?post=32831"}],"version-history":[{"count":1,"href":"https:\/\/hmnoticias.com\/espana\/wp-json\/wp\/v2\/pages\/32831\/revisions"}],"predecessor-version":[{"id":32832,"href":"https:\/\/hmnoticias.com\/espana\/wp-json\/wp\/v2\/pages\/32831\/revisions\/32832"}],"wp:attachment":[{"href":"https:\/\/hmnoticias.com\/espana\/wp-json\/wp\/v2\/media?parent=32831"}],"curies":[{"name":"wp","href":"https:\/\/api.w.org\/{rel}","templated":true}]}}