{"id":32876,"date":"2024-08-03T19:58:08","date_gmt":"2024-08-03T19:58:08","guid":{"rendered":"https:\/\/hmnoticias.com\/espana\/?page_id=32876"},"modified":"2024-08-03T19:58:08","modified_gmt":"2024-08-03T19:58:08","slug":"haftungsausschluss-deutsch","status":"publish","type":"page","link":"https:\/\/hmnoticias.com\/espana\/haftungsausschluss-deutsch\/","title":{"rendered":"Haftungsausschluss &#8211; Deutsch"},"content":{"rendered":"\n<h2 class=\"wp-block-heading\">Einleitung<\/h2>\n\n\n\n<p>Willkommen bei HM Noticias (HM News), Ihrem vertrauensw\u00fcrdigen Portal, auf dem Sie Informationen zu verschiedenen Themen finden, die jedoch mit viel M\u00fche und Wahrhaftigkeit erstellt wurden.<\/p>\n\n\n\n<p>HM Noticias (HM News) unterliegt diesen Bedingungen sowie den in seiner \u201eDatenschutzrichtlinie\u201c und seinen \u201eNutzungsbedingungen\u201c dargelegten Bedingungen. Wenn Sie mit diesem Haftungsausschluss oder den oben genannten Texten nicht einverstanden sind, durchsuchen Sie hmnoticias.com bitte nicht.<\/p>\n\n\n\n<p>Die weitere Nutzung von hmnoticias.com setzt die Annahme aller dieser Bedingungen voraus.<\/p>\n\n\n\n<h2 class=\"wp-block-heading\">Art der Informationen<\/h2>\n\n\n\n<p>Die auf HM Noticias (HM News) angezeigten Inhalte sind lediglich informative Inhalte. Obwohl sie von professionellen Autoren verfasst wurden, sollten sie zu keinem Zeitpunkt als professionelle, rechtliche oder medizinische Beratung angesehen werden. HM Noticias (HM News) ist nicht verantwortlich f\u00fcr Sch\u00e4den, Verluste oder M\u00e4ngel, die durch die auf der Website bereitgestellten Informationen verursacht werden.<\/p>\n\n\n\n<p>Es liegt ausschlie\u00dflich in der Verantwortung des Benutzers, die Richtigkeit der von ihm verwendeten Informationen zu gew\u00e4hrleisten.<\/p>\n\n\n\n<h2 class=\"wp-block-heading\">Genauigkeit der Informationen<\/h2>\n\n\n\n<p>Die Inhalte von HM Noticias (HM News) wurden auf Grundlage der zum Zeitpunkt der Ver\u00f6ffentlichung verf\u00fcgbaren Informationen entwickelt. Wir \u00fcbernehmen keine Verantwortung f\u00fcr Fehler, mangelnde Aktualit\u00e4t oder Auslassungen von Inhalten.<\/p>\n\n\n\n<p>HM Noticias (HM News) und seine Manager behalten sich au\u00dferdem das Recht vor, ohne vorherige Ank\u00fcndigung Korrekturen vorzunehmen.<\/p>\n\n\n\n<h2 class=\"wp-block-heading\">Links zu Dritten<\/h2>\n\n\n\n<p>Das prim\u00e4re Gesch\u00e4ftsmodell von HM Noticias (HM News) ist die Partnerschaft \u00fcber Google AdSense.<\/p>\n\n\n\n<p>Die Website erh\u00e4lt Pr\u00e4mien f\u00fcr die auf der Website angezeigten Banner. Google zahlt HM Noticias (HM News) einen proportionalen Anteil der Kosten des Klicks, die vom Eigent\u00fcmer der angezeigten Anzeige bezahlt werden.<\/p>\n\n\n\n<p>Aufgrund der Art ihres Gesch\u00e4ftsmodells kann die Website Links von Dritten enthalten.<\/p>\n\n\n\n<p>HM Noticias (HM News) ist nicht f\u00fcr die auf diesen Links von Dritten angezeigten Inhalte verantwortlich und es ist die Pflicht des Benutzers, die Datenschutzrichtlinien und Nutzungsbedingungen dieser Websites zu verstehen, bevor er sie verwendet.<\/p>\n\n\n\n<p>Die Einbeziehung von Links zu Drittanbietern bedeutet nicht, dass HM Noticias (HM News) die auf Websites von Drittanbietern ge\u00e4u\u00dferten Meinungen unterst\u00fctzt.<\/p>\n\n\n\n<h2 class=\"wp-block-heading\">Nutzung der Website<\/h2>\n\n\n\n<p>Die Nutzung von Materialien oder Informationen innerhalb von HM Noticias (HM News) erfolgt auf Ihr eigenes Risiko. Es liegt in Ihrer Verantwortung, sicherzustellen, dass die angezeigten Informationen Ihren spezifischen Anforderungen entsprechen. HM Noticias (HM News) haftet nicht f\u00fcr Verluste oder Sch\u00e4den, einschlie\u00dflich, aber nicht beschr\u00e4nkt auf indirekte Verluste oder Sch\u00e4den oder Verluste oder Sch\u00e4den, die durch die Nutzung der Website entstehen.<\/p>\n\n\n\n<h2 class=\"wp-block-heading\">Urheberrecht und geistiges Eigentum<\/h2>\n\n\n\n<p>Alle Inhalte von HM Noticias (HM News), einschlie\u00dflich Logos, Symbole, Bilder, Audioclips, Artikel oder Inhalte, die von seinen Lieferanten angezeigt werden, sind urheberrechtlich gesch\u00fctzt und das ausschlie\u00dfliche Eigentum von HM Noticias (HM News) und seinen Administratoren.<\/p>\n\n\n\n<h2 class=\"wp-block-heading\">\u00c4nderungen des Haftungsausschlusses<\/h2>\n\n\n\n<p>Dieser Haftungsausschluss kann ohne vorherige Ank\u00fcndigung oder Korrektur ge\u00e4ndert werden. Wir behalten uns das Recht vor, den gesamten Inhalt auf eigenen Wunsch zu \u00e4ndern.<\/p>\n\n\n\n<p>Die fortgesetzte Nutzung von hmnoticias.com setzt die automatische Annahme aller hierin dargelegten Inhalte und Regeln voraus.<\/p>\n\n\n\n<p>Wir bitten Sie, diese Seite regelm\u00e4\u00dfig zu \u00fcberpr\u00fcfen, um sicherzustellen, dass sie Ihren Erwartungen entspricht.<\/p>\n\n\n\n<h2 class=\"wp-block-heading\">Haftungsausschluss<\/h2>\n\n\n\n<p>Soweit gesetzlich zul\u00e4ssig, haftet diese Website nicht direkt f\u00fcr Sch\u00e4den, die durch die Unm\u00f6glichkeit der Nutzung dieser Website entstehen.<\/p>\n\n\n\n<p>Wir legen gro\u00dfen Wert auf die Gew\u00e4hrleistung der Sicherheit der Website, k\u00f6nnen diese jedoch nicht garantieren.<\/p>\n\n\n\n<p>Jegliche Sch\u00e4den, die durch die Nutzung entstehen, ob computerbezogen, Datenvernichtung, Fehler oder Auslassungen, liegen in der alleinigen Verantwortung des Benutzers.<\/p>\n\n\n\n<h2 class=\"wp-block-heading\">Geltendes Recht und Gerichtsbarkeit<\/h2>\n\n\n\n<p>Dieser Haftungsausschluss oder jegliche Streitigkeiten, die sich aus oder im Zusammenhang mit der Nutzung dieser Website ergeben, unterliegen den Gesetzen Spaniens und werden in \u00dcbereinstimmung mit diesen ausgelegt. Sie stimmen der ausschlie\u00dflichen Zust\u00e4ndigkeit der spanischen Gerichte zur Beilegung jeglicher Streitigkeiten zu, die sich aus oder im Zusammenhang mit der Nutzung dieser Website ergeben.<\/p>\n\n\n\n<h2 class=\"wp-block-heading\">Kontakt<\/h2>\n\n\n\n<p>F\u00fcr jegliche Art von Fragen oder Vorschl\u00e4gen k\u00f6nnen Sie unser Team unter contato@hmnoticias.com kontaktieren. Wir sind offen f\u00fcr Ihr Verst\u00e4ndnis und m\u00f6chten Ma\u00dfnahmen ergreifen, die dazu beitragen, alle Inhalte wertvoll zu machen.<\/p>\n\n\n\n<h2 class=\"wp-block-heading\">Schlussfolgerung<\/h2>\n\n\n\n<p>Durch die Nutzung von hmnoticias.com best\u00e4tigen Sie, dass Sie diesen Haftungsausschluss gelesen und verstanden haben und damit einverstanden sind.<\/p>\n\n\n\n<p>Vielen Dank f\u00fcr Ihren Besuch auf unserer Website. Wir hoffen, dass Sie die Inhalte wertvoll finden.<\/p>\n","protected":false},"excerpt":{"rendered":"<p>Einleitung Willkommen bei HM Noticias (HM News), Ihrem vertrauensw\u00fcrdigen Portal, auf dem Sie Informationen zu verschiedenen Themen finden, die jedoch mit viel M\u00fche und Wahrhaftigkeit &#8230;. <\/p>\n","protected":false},"author":1,"featured_media":0,"parent":0,"menu_order":0,"comment_status":"closed","ping_status":"closed","template":"","meta":{"footnotes":""},"class_list":["post-32876","page","type-page","status-publish","hentry"],"_links":{"self":[{"href":"https:\/\/hmnoticias.com\/espana\/wp-json\/wp\/v2\/pages\/32876","targetHints":{"allow":["GET"]}}],"collection":[{"href":"https:\/\/hmnoticias.com\/espana\/wp-json\/wp\/v2\/pages"}],"about":[{"href":"https:\/\/hmnoticias.com\/espana\/wp-json\/wp\/v2\/types\/page"}],"author":[{"embeddable":true,"href":"https:\/\/hmnoticias.com\/espana\/wp-json\/wp\/v2\/users\/1"}],"replies":[{"embeddable":true,"href":"https:\/\/hmnoticias.com\/espana\/wp-json\/wp\/v2\/comments?post=32876"}],"version-history":[{"count":2,"href":"https:\/\/hmnoticias.com\/espana\/wp-json\/wp\/v2\/pages\/32876\/revisions"}],"predecessor-version":[{"id":32879,"href":"https:\/\/hmnoticias.com\/espana\/wp-json\/wp\/v2\/pages\/32876\/revisions\/32879"}],"wp:attachment":[{"href":"https:\/\/hmnoticias.com\/espana\/wp-json\/wp\/v2\/media?parent=32876"}],"curies":[{"name":"wp","href":"https:\/\/api.w.org\/{rel}","templated":true}]}}