{"id":32883,"date":"2024-08-03T20:03:42","date_gmt":"2024-08-03T20:03:42","guid":{"rendered":"https:\/\/hmnoticias.com\/espana\/?page_id=32883"},"modified":"2024-08-03T20:03:42","modified_gmt":"2024-08-03T20:03:42","slug":"nutzungsbedingungen-deutsch","status":"publish","type":"page","link":"https:\/\/hmnoticias.com\/espana\/nutzungsbedingungen-deutsch\/","title":{"rendered":"Nutzungsbedingungen\u00a0&#8211; Deutsch"},"content":{"rendered":"\n<p>Willkommen bei HM Noticias (HM News).<\/p>\n\n\n\n<p>Indem Sie unsere Website aufrufen und nutzen, erkl\u00e4ren Sie sich damit einverstanden, die folgenden Nutzungsbedingungen einzuhalten und an diese gebunden zu sein. Diese regeln zusammen mit unserer Datenschutzrichtlinie die Beziehung unserer Website zu Ihnen.<\/p>\n\n\n\n<p>Wenn Sie mit irgendeinem Teil dieser Bedingungen nicht einverstanden sind, verwenden Sie HM Noticias (HM News) bitte nicht.<\/p>\n\n\n\n<h2 class=\"wp-block-heading\">Nutzung der Website<\/h2>\n\n\n\n<p>1.1. Inhalt: Der Inhalt der Seiten dieser Website dient Ihrer allgemeinen Information und Nutzung. Er kann ohne vorherige Ank\u00fcndigung ge\u00e4ndert werden.<\/p>\n\n\n\n<p>1.2. Richtigkeit der Informationen: Weder wir noch Dritte \u00fcbernehmen eine Garantie oder Gew\u00e4hrleistung f\u00fcr die Richtigkeit, Aktualit\u00e4t, Leistung, Vollst\u00e4ndigkeit oder Eignung der auf dieser Website gefundenen oder angebotenen Informationen und Materialien.<\/p>\n\n\n\n<p>Sie erkennen an, dass diese Informationen und Materialien Ungenauigkeiten oder Fehler enthalten k\u00f6nnen, und wir schlie\u00dfen ausdr\u00fccklich die Haftung f\u00fcr derartige Ungenauigkeiten oder Fehler im gesetzlich zul\u00e4ssigen Umfang aus.<\/p>\n\n\n\n<p>1.3. Pers\u00f6nliche und nicht kommerzielle Nutzung: Diese Website ist nur f\u00fcr Ihre pers\u00f6nliche und nicht kommerzielle Nutzung bestimmt. Sie d\u00fcrfen keine Informationen, Software, Produkte oder Dienste, die Sie von dieser Website erhalten haben, ohne vorherige schriftliche Zustimmung der Administratoren von HM Noticias (HM News) \u00e4ndern, kopieren, verteilen, \u00fcbermitteln, anzeigen, ausf\u00fchren, reproduzieren, ver\u00f6ffentlichen, lizenzieren, abgeleitete Werke daraus erstellen, \u00fcbertragen oder verkaufen.<\/p>\n\n\n\n<h2 class=\"wp-block-heading\">Geistiges Eigentum<\/h2>\n\n\n\n<p>2.1. Urheberrecht: Alle auf dieser Website enthaltenen Inhalte wie Texte, Grafiken, Logos, Schaltfl\u00e4chensymbole, Bilder, Audioclips, Datenkompilationen und Software sind Eigentum von HM Noticias (HM News) oder seinen Inhaltsverwaltern und urheberrechtlich gesch\u00fctzt.<\/p>\n\n\n\n<p>2.2. Marken: Die auf dieser Website angezeigten Marken, Logos und Dienstleistungsmarken (zusammen die \u201eMarken\u201c) sind eingetragene und nicht eingetragene Marken von HM Noticias (HM News) und anderen. Nichts auf dieser Website darf als stillschweigende, rechtsverwirkungsbedingte oder anderweitige Gew\u00e4hrung einer Lizenz oder eines Rechts zur Nutzung einer auf dieser Website angezeigten Marke ohne die schriftliche Genehmigung von HM Noticias (HM News) oder eines Dritten, dem die Marke geh\u00f6rt, ausgelegt werden.<\/p>\n\n\n\n<h2 class=\"wp-block-heading\">Google AdSense<\/h2>\n\n\n\n<p>3.1. Werbung: Unsere Website verwendet Google AdSense zur Anzeige von Werbung. Google AdSense kann Cookies zur Anzeige von Werbung basierend auf Ihren vorherigen Besuchen auf unserer Website oder anderen Websites verwenden.<\/p>\n\n\n\n<p>3.2. Cookie-Richtlinie: Durch die Nutzung dieser Website stimmen Sie der Verwendung von Cookies durch Google zur Bereitstellung, Aufrechterhaltung und Verbesserung unserer Dienste und Werbung zu. Sie k\u00f6nnen personalisierte Werbung in den Anzeigeneinstellungen von Google deaktivieren.<\/p>\n\n\n\n<h2 class=\"wp-block-heading\">Links zu anderen Websites<\/h2>\n\n\n\n<p>4.1. Externe Links: Unsere Website kann Links zu anderen interessanten Websites enthalten. Sobald Sie diese Links jedoch verwendet haben, um unsere Website zu verlassen, sollten Sie beachten, dass wir keine Kontrolle \u00fcber diese andere Website haben. Daher k\u00f6nnen wir nicht f\u00fcr den Schutz und die Vertraulichkeit von Informationen verantwortlich sein, die Sie beim Besuch solcher Websites angeben, und diese Websites unterliegen nicht dieser Datenschutzrichtlinie.<\/p>\n\n\n\n<h2 class=\"wp-block-heading\">Haftungsbeschr\u00e4nkung<\/h2>\n\n\n\n<p>5.1. Haftungsausschluss: Weder HM Noticias (HM News) noch seine Mitarbeiter, Vertreter, Lieferanten oder Lizenzgeber haften f\u00fcr direkte, indirekte, zuf\u00e4llige, besondere oder Folgesch\u00e4den, die sich aus der Nutzung oder der Unm\u00f6glichkeit der Nutzung der Website ergeben, einschlie\u00dflich, aber nicht beschr\u00e4nkt auf das Vertrauen des Benutzers auf Informationen, die er von HM Noticias (HM News) erhalten hat, was zu Fehlern, Auslassungen, Unterbrechungen, L\u00f6schung von Dateien oder E-Mails, Defekten, Verz\u00f6gerungen bei Betrieb oder \u00dcbertragung oder Leistungsausf\u00e4llen f\u00fchren kann.<\/p>\n\n\n\n<h2 class=\"wp-block-heading\">\u00c4nderungen der Nutzungsbedingungen<\/h2>\n\n\n\n<p>6.1. Aktualisierungen der Bedingungen: HM Noticias (HM News) beh\u00e4lt sich das Recht vor, diese Nutzungsbedingungen jederzeit und ohne Vorank\u00fcndigung zu \u00e4ndern. Sie sollten diese Nutzungsbedingungen regelm\u00e4\u00dfig \u00fcberpr\u00fcfen, um \u00fcber etwaige \u00c4nderungen informiert zu sein. Ihre fortgesetzte Nutzung der Website nach einer \u00c4nderung gilt als Zustimmung zu den neuen Bedingungen.<\/p>\n\n\n\n<h2 class=\"wp-block-heading\">Geltendes Recht<\/h2>\n\n\n\n<p>7.1. Gerichtsstand: Diese Nutzungsbedingungen unterliegen dem spanischen Recht und werden gem\u00e4\u00df diesem ausgelegt, ohne dass Kollisionsnormen zur Anwendung kommen. Sie erkl\u00e4ren sich damit einverstanden, sich der pers\u00f6nlichen Gerichtsbarkeit der Gerichte in Spanien zu unterwerfen, um alle Streitigkeiten zu l\u00f6sen, die sich aus der Nutzung dieser Website ergeben.<\/p>\n\n\n\n<h2 class=\"wp-block-heading\">Kontakt<\/h2>\n\n\n\n<p>8.1. Kontaktinformationen: Wenn Sie Fragen oder Anmerkungen zu diesen Nutzungsbedingungen haben, k\u00f6nnen Sie uns unter der folgenden E-Mail-Adresse kontaktieren: contato@hmnoticias.com.<\/p>\n\n\n\n<p>Vielen Dank f\u00fcr Ihren Besuch auf hmnoticias.com.<\/p>\n\n\n\n<p><\/p>\n","protected":false},"excerpt":{"rendered":"<p>Willkommen bei HM Noticias (HM News). Indem Sie unsere Website aufrufen und nutzen, erkl\u00e4ren Sie sich damit einverstanden, die folgenden Nutzungsbedingungen einzuhalten und an diese &#8230;. <\/p>\n","protected":false},"author":1,"featured_media":0,"parent":0,"menu_order":0,"comment_status":"closed","ping_status":"closed","template":"","meta":{"footnotes":""},"class_list":["post-32883","page","type-page","status-publish","hentry"],"_links":{"self":[{"href":"https:\/\/hmnoticias.com\/espana\/wp-json\/wp\/v2\/pages\/32883","targetHints":{"allow":["GET"]}}],"collection":[{"href":"https:\/\/hmnoticias.com\/espana\/wp-json\/wp\/v2\/pages"}],"about":[{"href":"https:\/\/hmnoticias.com\/espana\/wp-json\/wp\/v2\/types\/page"}],"author":[{"embeddable":true,"href":"https:\/\/hmnoticias.com\/espana\/wp-json\/wp\/v2\/users\/1"}],"replies":[{"embeddable":true,"href":"https:\/\/hmnoticias.com\/espana\/wp-json\/wp\/v2\/comments?post=32883"}],"version-history":[{"count":1,"href":"https:\/\/hmnoticias.com\/espana\/wp-json\/wp\/v2\/pages\/32883\/revisions"}],"predecessor-version":[{"id":32884,"href":"https:\/\/hmnoticias.com\/espana\/wp-json\/wp\/v2\/pages\/32883\/revisions\/32884"}],"wp:attachment":[{"href":"https:\/\/hmnoticias.com\/espana\/wp-json\/wp\/v2\/media?parent=32883"}],"curies":[{"name":"wp","href":"https:\/\/api.w.org\/{rel}","templated":true}]}}