{"id":32885,"date":"2024-08-03T20:05:10","date_gmt":"2024-08-03T20:05:10","guid":{"rendered":"https:\/\/hmnoticias.com\/espana\/?page_id=32885"},"modified":"2024-08-03T20:05:11","modified_gmt":"2024-08-03T20:05:11","slug":"datenschutzerklarung-deutsch","status":"publish","type":"page","link":"https:\/\/hmnoticias.com\/espana\/datenschutzerklarung-deutsch\/","title":{"rendered":"Datenschutzerkl\u00e4rung &#8211; Deutsch"},"content":{"rendered":"\n<h2 class=\"wp-block-heading\"><strong>HM Noticias \/ HM News<\/strong><\/h2>\n\n\n\n<p>Alle von Ihnen erfassten pers\u00f6nlichen Daten werden verwendet, um Ihren Besuch auf unserer Website so produktiv und angenehm wie m\u00f6glich zu gestalten.<\/p>\n\n\n\n<p>Die Gew\u00e4hrleistung der Vertraulichkeit der pers\u00f6nlichen Daten unserer Website-Benutzer ist HM Noticias (HM News) wichtig.<\/p>\n\n\n\n<p>Alle pers\u00f6nlichen Daten von Mitgliedern, Abonnenten, Kunden oder Besuchern, die HM Noticias (HM News) verwenden, werden gem\u00e4\u00df dem Gesetz zum Schutz personenbezogener Daten vom 26. Oktober 1998 (Gesetz Nr. 67\/98) behandelt.<\/p>\n\n\n\n<p>Die erfassten pers\u00f6nlichen Daten k\u00f6nnen Ihren Namen, Ihre E-Mail-Adresse, Ihre Telefon- und\/oder Mobiltelefonnummer, Ihre Adresse, Ihr Geburtsdatum und\/oder andere Daten umfassen.<\/p>\n\n\n\n<p>Die Nutzung von HM Noticias (HM News) setzt die Annahme dieser Datenschutzvereinbarung voraus. Das Team von HM Noticias (HM News) beh\u00e4lt sich das Recht vor, diese Vereinbarung ohne vorherige Ank\u00fcndigung zu \u00e4ndern. Daher empfehlen wir Ihnen, unsere Datenschutzrichtlinie regelm\u00e4\u00dfig zu konsultieren, um immer auf dem neuesten Stand zu sein.<\/p>\n\n\n\n<h2 class=\"wp-block-heading\">Werbung<\/h2>\n\n\n\n<p>Wie andere Websites sammeln und verwenden wir die in Werbung enthaltenen Informationen. Zu den in den Anzeigen enthaltenen Informationen geh\u00f6ren Ihre IP-Adresse (Internet Protocol), Ihr ISP (Internet Service Provider, z. B. Sapo, Clix oder andere), der Browser, den Sie beim Besuch unserer Website verwendet haben (z. B. Internet Explorer oder Firefox), die Uhrzeit Ihres Besuchs und die Seiten, die Sie auf unserer Website besucht haben.<\/p>\n\n\n\n<h2 class=\"wp-block-heading\">DoubleClick Dart Cookie<\/h2>\n\n\n\n<p>Google verwendet als Drittanbieter Cookies, um Anzeigen auf unserer Website zu schalten.<\/p>\n\n\n\n<p>Mithilfe des DART-Cookies kann Google Anzeigen basierend auf den Besuchen des Lesers auf anderen Websites im Internet anzeigen.<\/p>\n\n\n\n<p>Benutzer k\u00f6nnen das DART-Cookie deaktivieren, indem sie das Google-Content-Netzwerk und die Datenschutzrichtlinie f\u00fcr Anzeigen aufrufen.<\/p>\n\n\n\n<h2 class=\"wp-block-heading\">Cookies und Web Beacons<\/h2>\n\n\n\n<p>Wir verwenden Cookies, um Informationen wie Ihre pers\u00f6nlichen Einstellungen zu speichern, wenn Sie unsere Website besuchen. Dies kann ein einfaches Popup oder einen Link zu den verschiedenen von uns bereitgestellten Diensten wie Foren umfassen.<\/p>\n\n\n\n<p>Dar\u00fcber hinaus verwenden wir auf unserer Website auch Werbung von Drittanbietern, um die Wartungskosten zu decken. Einige dieser Werbetreibenden k\u00f6nnen Technologien wie Cookies und\/oder Web Beacons verwenden, wenn sie auf unserer Website werben, was dazu f\u00fchrt, dass diese Werbetreibenden (wie Google \u00fcber Google AdSense) auch Ihre pers\u00f6nlichen Daten wie IP-Adresse, Ihren ISP, Ihren Browser usw. erhalten. Diese Funktion wird im Allgemeinen f\u00fcr Geotargeting (Anzeigen von Lissabon-Werbung nur f\u00fcr Leser, die aus Lissabon kommen, beispielsweise) oder Anzeigen von Werbung verwendet, die auf einen bestimmten Benutzertyp ausgerichtet ist (beispielsweise Anzeigen von Restaurantwerbung f\u00fcr einen Benutzer, der regelm\u00e4\u00dfig Kochseiten besucht, beispielsweise).<\/p>\n\n\n\n<p>Die gesammelten Informationen werden mit Ausnahme der genannten Dienste von Drittanbietern nicht an andere Personen weitergegeben.<\/p>\n\n\n\n<p>Wenn gesetzlich vorgeschrieben, k\u00f6nnen wir die gesammelten Informationen speichern oder weitergeben.<\/p>\n\n\n\n<p>Sie haben die M\u00f6glichkeit, Ihre Cookies in Ihren Browseroptionen oder durch \u00c4nderungen an Antivirenprogramm-Tools wie Norton Internet Security zu deaktivieren. Dies kann jedoch die Art und Weise \u00e4ndern, wie Sie mit unserer Website oder anderen Websites interagieren. Dies kann Ihre Anmeldung bei Programmen, Websites oder Foren in unserem und anderen Netzwerken beeintr\u00e4chtigen oder verhindern.<\/p>\n\n\n\n<p>Wir speichern grunds\u00e4tzlich zu keinem Zeitpunkt sensible Daten und alle anderen erfassten Daten werden so lange gespeichert, wie es das Gesetz erlaubt.<\/p>\n\n\n\n<p>Wir verwenden strenge Sicherheitsvorkehrungen, um die Sicherheit Ihrer nicht sensiblen Daten zu gew\u00e4hrleisten, k\u00f6nnen jedoch keine absolute Sicherheit garantieren.<\/p>\n\n\n\n<p>Wenn Sie der Meinung sind, dass die Interaktion mit unserer Website nicht mehr sicher ist, teilen Sie uns dies bitte umgehend mit.<\/p>\n\n\n\n<h2 class=\"wp-block-heading\">Links zu Websites von Drittanbietern<\/h2>\n\n\n\n<p>HM Noticias (HM News) enth\u00e4lt Links zu anderen Websites, die unserer Meinung nach n\u00fctzliche Informationen\/Tools f\u00fcr unsere Besucher enthalten k\u00f6nnten. Unsere Datenschutzrichtlinie gilt nicht f\u00fcr Websites von Drittanbietern. Wenn Sie also eine andere Website als unsere besuchen, sollten Sie deren Datenschutzrichtlinie lesen.<\/p>\n\n\n\n<p>Wir sind nicht verantwortlich f\u00fcr die Datenschutzrichtlinie oder den Inhalt dieser Websites.<\/p>\n\n\n\n<h2 class=\"wp-block-heading\">Rechte<\/h2>\n\n\n\n<p>Sie k\u00f6nnen die \u00f6ffentlich auf HM Noticias (HM News) verbreiteten Dienste jederzeit abbestellen.<\/p>\n\n\n\n<p>Sie k\u00f6nnen \u201ePUSH\u201c-Benachrichtigungen in Ihren Browsereinstellungen abbestellen.<\/p>\n\n\n\n<p>Sie k\u00f6nnen den Erhalt von SMS-Benachrichtigungen beenden, indem Sie das Wort \u201eStopp\u201c oder ein anderes Wort verwenden, das wir Ihnen mitgeteilt haben.<\/p>\n\n\n\n<p>Wenn Sie m\u00f6chten, k\u00f6nnen Sie sich direkt an contato@hmnoticias.com wenden, damit wir alle erforderlichen Anfragen bearbeiten k\u00f6nnen.<\/p>\n","protected":false},"excerpt":{"rendered":"<p>HM Noticias \/ HM News Alle von Ihnen erfassten pers\u00f6nlichen Daten werden verwendet, um Ihren Besuch auf unserer Website so produktiv und angenehm wie m\u00f6glich &#8230;. <\/p>\n","protected":false},"author":1,"featured_media":0,"parent":0,"menu_order":0,"comment_status":"closed","ping_status":"closed","template":"","meta":{"footnotes":""},"class_list":["post-32885","page","type-page","status-publish","hentry"],"_links":{"self":[{"href":"https:\/\/hmnoticias.com\/espana\/wp-json\/wp\/v2\/pages\/32885","targetHints":{"allow":["GET"]}}],"collection":[{"href":"https:\/\/hmnoticias.com\/espana\/wp-json\/wp\/v2\/pages"}],"about":[{"href":"https:\/\/hmnoticias.com\/espana\/wp-json\/wp\/v2\/types\/page"}],"author":[{"embeddable":true,"href":"https:\/\/hmnoticias.com\/espana\/wp-json\/wp\/v2\/users\/1"}],"replies":[{"embeddable":true,"href":"https:\/\/hmnoticias.com\/espana\/wp-json\/wp\/v2\/comments?post=32885"}],"version-history":[{"count":1,"href":"https:\/\/hmnoticias.com\/espana\/wp-json\/wp\/v2\/pages\/32885\/revisions"}],"predecessor-version":[{"id":32886,"href":"https:\/\/hmnoticias.com\/espana\/wp-json\/wp\/v2\/pages\/32885\/revisions\/32886"}],"wp:attachment":[{"href":"https:\/\/hmnoticias.com\/espana\/wp-json\/wp\/v2\/media?parent=32885"}],"curies":[{"name":"wp","href":"https:\/\/api.w.org\/{rel}","templated":true}]}}