{"id":3613,"date":"2023-03-11T23:14:08","date_gmt":"2023-03-11T23:14:08","guid":{"rendered":"https:\/\/hmnoticias.com\/espana\/?page_id=3613"},"modified":"2024-08-03T18:46:23","modified_gmt":"2024-08-03T18:46:23","slug":"chi-siamo-italia","status":"publish","type":"page","link":"https:\/\/hmnoticias.com\/espana\/chi-siamo-italia\/","title":{"rendered":"Chi siamo &#8211;  Italia"},"content":{"rendered":"\n<h2 class=\"wp-block-heading\">Introduzione<\/h2>\n\n\n\n<p>HM Noticias (HM News) \u00e8 nata dalla mano di quattro amici che volevano portare informazioni e notizie migliori nel caos che \u00e8 Internet odierno.<\/p>\n\n\n\n<p>Da quel desiderio ardente \u00e8 nato questo sito web. Un luogo dove troverai informazioni da tutto il mondo in un solo clic.<\/p>\n\n\n\n<p>La nostra missione \u00e8 sempre quella di offrirti i migliori contenuti che possiamo fornire in modo gratuito e semplice.<\/p>\n\n\n\n<h2 class=\"wp-block-heading\">Il nostro modello di business<\/h2>\n\n\n\n<p>In HM Noticias (HM News) operiamo con il modello di business di affiliazione e pubblicit\u00e0.<\/p>\n\n\n\n<p>Sul nostro sito web troverai banner e link sponsorizzati forniti da Google AdSense dove HM Noticias (HM News) riceve parte del denaro versato dal creatore dell&#8217;annuncio. In questo modo riusciamo a mantenere il sito web sempre gratuito, con la massima velocit\u00e0 possibile e accessibile a tutti i lettori.<\/p>\n\n\n\n<p>La qualit\u00e0 dei contenuti \u00e8 un pilastro importante per noi, per cui gran parte del bonus ricevuto \u00e8 destinato all&#8217;assunzione di redattori che riescano a fornire sempre le notizie pi\u00f9 attuali del momento.<\/p>\n\n\n\n<h2 class=\"wp-block-heading\">Argomenti trattati<\/h2>\n\n\n\n<p>Nonostante la grande variet\u00e0 del nostro blog, ci sono alcuni argomenti che sono grandi pilastri di HM Noticias (HM News).<\/p>\n\n\n\n<p>3.1 Occupazione<\/p>\n\n\n\n<p>Ti forniamo le migliori notizie e offerte di lavoro pubblicate in tutto il mondo. La nostra lotta contro la disoccupazione \u00e8 seria e ci impegniamo sempre di pi\u00f9 a fornire informazioni sulle offerte di lavoro disponibili.<\/p>\n\n\n\n<p>3.2 Corsi<\/p>\n\n\n\n<p>La formazione \u00e8 essenziale per aumentare la probabilit\u00e0 di essere assunti, quindi non esitiamo a fornirti numerose informazioni su corsi, FP, lauree e tutto ci\u00f2 che pu\u00f2 servire da supporto per i nostri lettori.<\/p>\n\n\n\n<p>3.3 Animali domestici<\/p>\n\n\n\n<p>Sappiamo quanto siano importanti per te i tuoi animali ed \u00e8 per questo che dedichiamo una piccola parte del nostro blog alle &#8220;piccole creature&#8221;.<\/p>\n\n\n\n<p>3.4 Diritti<\/p>\n\n\n\n<p>Essendo questo il nostro ultimo pilastro, non lo consideriamo meno importante. Crediamo che sensibilizzare i nostri lettori sui loro principali diritti e doveri sia anche un compito cruciale.<\/p>\n\n\n\n<h2 class=\"wp-block-heading\">Il nostro team<\/h2>\n\n\n\n<p>Ricordi quei quattro amici di cui ti ho parlato all&#8217;inizio di questo testo?<\/p>\n\n\n\n<p>Sono il pilastro cruciale del nostro team, anche se oggi HM Noticias (HM News) ha un gruppo di collaboratori in tutto il mondo. Brasile, Stati Uniti, Canada, Spagna, Francia, Italia, Regno Unito e molti altri.<\/p>\n\n\n\n<p>Tutto questo grande gruppo \u00e8 dedicato e motivato a informarti e aiutarti.<\/p>\n\n\n\n<p>Pertanto, se hai domande o suggerimenti, contattaci a contato@hmnoticias.com. Sar\u00e0 un piacere assisterti e saperne di pi\u00f9 su di te.<\/p>\n\n\n\n<h2 class=\"wp-block-heading\">I nostri valori<\/h2>\n\n\n\n<p>Le nostre fondamenta e i nostri valori sono molto forti e retti, motivo per cui puntiamo sempre a generare contenuti onesti.<\/p>\n\n\n\n<p>Ci impegniamo a garantire la tua sicurezza e la qualit\u00e0 dei contenuti.<\/p>\n\n\n\n<p>Siamo costantemente innovatori per cercare di trovare nuovi modi per migliorare ed espandere i nostri servizi.<\/p>\n\n\n\n<p>Inoltre, apprezziamo e ascoltiamo il nostro pubblico con l&#8217;obiettivo di rispondere sempre alle sue esigenze e ai suoi interessi.<\/p>\n\n\n\n<h2 class=\"wp-block-heading\">Impatto sociale<\/h2>\n\n\n\n<p>Siamo consapevoli che hmnoticias.com genera un impatto sociale molto positivo e ne siamo orgogliosi.<\/p>\n\n\n\n<p>Nel mondo digitale in cui viviamo, comprendiamo che questo \u00e8 qualcosa di molto importante e che tutte le piattaforme dovrebbero preoccuparsi dell&#8217;impatto generato sui loro visitatori.<\/p>\n\n\n\n<p>Uno dei nostri principali impatti \u00e8 la promozione dell&#8217;istruzione.<\/p>\n\n\n\n<p>Crediamo fermamente che istruzione, formazione e sviluppo siano essenziali per le persone. Per contribuire a questa causa, c&#8217;\u00e8 la nostra categoria corsi. L\u00ec, cerchiamo costantemente di esporre le migliori opportunit\u00e0 che faranno una differenza positiva nella tua vita e nella tua carriera professionale.<\/p>\n\n\n\n<h2 class=\"wp-block-heading\">I nostri obiettivi futuri<\/h2>\n\n\n\n<p>Siamo molto entusiasti della crescita di HM Noticias (HM News) e abbiamo obiettivi aggressivi e motivanti per i prossimi anni e vogliamo che tu ti unisca a noi in questo viaggio.<\/p>\n\n\n\n<p>Intendiamo aumentare i paesi in cui abbiamo un impatto e triplicare il numero di visite al blog. Tutto ci\u00f2 sar\u00e0 possibile solo se continueremo a garantire la veridicit\u00e0 e la qualit\u00e0 dei contenuti.<\/p>\n\n\n\n<p>Vogliamo incorporare nuove tecnologie che ti consentano di essere accettato nelle posizioni lavorative disponibili e nei corsi in presenza.<\/p>\n\n\n\n<p>Infine, vogliamo avere un contatto pi\u00f9 diretto con i nostri lettori tramite un&#8217;applicazione mobile in cui possono interagire tra loro.<\/p>\n\n\n\n<p>Questi sono i nostri obiettivi e traguardi e combatteremo per raggiungerli.<\/p>\n\n\n\n<h2 class=\"wp-block-heading\">Legalit\u00e0<\/h2>\n\n\n\n<p>Tutti i contenuti visualizzati in questa pagina sono collegati alle Norme sulla privacy e sono disciplinati dagli stessi Termini di utilizzo del sito web.<\/p>\n\n\n\n<p>hmnoticias.com indica di accettare tali norme e termini.<\/p>\n\n\n\n<p><\/p>\n","protected":false},"excerpt":{"rendered":"<p>Introduzione HM Noticias (HM News) \u00e8 nata dalla mano di quattro amici che volevano portare informazioni e notizie migliori nel caos che \u00e8 Internet odierno. &#8230;. <\/p>\n","protected":false},"author":1,"featured_media":0,"parent":0,"menu_order":0,"comment_status":"closed","ping_status":"closed","template":"","meta":{"footnotes":""},"class_list":["post-3613","page","type-page","status-publish","hentry"],"_links":{"self":[{"href":"https:\/\/hmnoticias.com\/espana\/wp-json\/wp\/v2\/pages\/3613","targetHints":{"allow":["GET"]}}],"collection":[{"href":"https:\/\/hmnoticias.com\/espana\/wp-json\/wp\/v2\/pages"}],"about":[{"href":"https:\/\/hmnoticias.com\/espana\/wp-json\/wp\/v2\/types\/page"}],"author":[{"embeddable":true,"href":"https:\/\/hmnoticias.com\/espana\/wp-json\/wp\/v2\/users\/1"}],"replies":[{"embeddable":true,"href":"https:\/\/hmnoticias.com\/espana\/wp-json\/wp\/v2\/comments?post=3613"}],"version-history":[{"count":3,"href":"https:\/\/hmnoticias.com\/espana\/wp-json\/wp\/v2\/pages\/3613\/revisions"}],"predecessor-version":[{"id":32825,"href":"https:\/\/hmnoticias.com\/espana\/wp-json\/wp\/v2\/pages\/3613\/revisions\/32825"}],"wp:attachment":[{"href":"https:\/\/hmnoticias.com\/espana\/wp-json\/wp\/v2\/media?parent=3613"}],"curies":[{"name":"wp","href":"https:\/\/api.w.org\/{rel}","templated":true}]}}